{"id":409,"date":"2023-12-10T09:46:32","date_gmt":"2023-12-10T09:46:32","guid":{"rendered":"https:\/\/patiotime.loftocean.com\/demo12\/?page_id=409"},"modified":"2026-03-11T16:48:11","modified_gmt":"2026-03-11T15:48:11","slug":"oferty-specjalne","status":"publish","type":"page","link":"https:\/\/floorno2.pl\/en\/oferty-specjalne\/","title":{"rendered":"Special Offers"},"content":{"rendered":"<div data-elementor-type=\"wp-page\" data-elementor-id=\"409\" class=\"elementor elementor-409\" data-elementor-settings=\"{&quot;scroll_snap&quot;:&quot;yes&quot;}\" data-elementor-post-type=\"page\">\n\t\t\t\t\t\t<section class=\"elementor-section elementor-top-section elementor-element elementor-element-4bf605f elementor-section-height-full pt-section-content-fullwidth pt-parallax-on-scroll pt_scroll_y_80 elementor-section-boxed elementor-section-height-default elementor-section-items-middle\" data-id=\"4bf605f\" data-element_type=\"section\" data-e-type=\"section\" data-settings=\"{&quot;background_background&quot;:&quot;classic&quot;}\" data-pt-parallax-y=\"80\" style=\"background-image: none;\" data-pt-background-image=\"http:\/\/floorno2.pl\/wp-content\/uploads\/2024\/10\/PG_191201_241-Copy-scaled.jpg\">\n\t\t\t\t\t\t\t<div class=\"elementor-background-overlay\"><\/div>\n\t\t\t\t\t\t\t<div class=\"elementor-container elementor-column-gap-no\">\n\t\t\t\t\t<div class=\"elementor-column elementor-col-100 elementor-top-column elementor-element elementor-element-5b295d29\" data-id=\"5b295d29\" data-element_type=\"column\" data-e-type=\"column\">\n\t\t\t<div class=\"elementor-widget-wrap elementor-element-populated\">\n\t\t\t\t\t\t<div class=\"elementor-element elementor-element-91de444 elementor-widget elementor-widget-image\" data-id=\"91de444\" data-element_type=\"widget\" data-e-type=\"widget\" data-widget_type=\"image.default\">\n\t\t\t\t<div class=\"elementor-widget-container\">\n\t\t\t\t\t\t\t\t\t\t\t\t\t\t\t<img decoding=\"async\" width=\"112\" height=\"79\" src=\"https:\/\/floorno2.pl\/wp-content\/uploads\/2024\/03\/icon-dining-white.png\" class=\"attachment-large size-large wp-image-1158\" alt=\"\" \/>\t\t\t\t\t\t\t\t\t\t\t\t\t\t\t<\/div>\n\t\t\t\t<\/div>\n\t\t\t\t<div class=\"elementor-element elementor-element-17f1ed20 elementor-widget elementor-widget-pt_title\" data-id=\"17f1ed20\" data-element_type=\"widget\" data-e-type=\"widget\" data-widget_type=\"pt_title.default\">\n\t\t\t\t<div class=\"elementor-widget-container\">\n\t\t\t\t\t\n        <div class=\"pt-title-wrap text-center\">\t            <h1 class=\"pt-title color-white\">\n\t                Special Offers\t            <\/h1>        <\/div>\t\t\t\t<\/div>\n\t\t\t\t<\/div>\n\t\t\t\t<div class=\"elementor-element elementor-element-4c058cb7 elementor-widget elementor-widget-pt_title\" data-id=\"4c058cb7\" data-element_type=\"widget\" data-e-type=\"widget\" data-widget_type=\"pt_title.default\">\n\t\t\t\t<div class=\"elementor-widget-container\">\n\t\t\t\t\t\n        <div class=\"pt-title-wrap text-center\">\t            <div class=\"pt-subtitle-wrap\"><span class=\"pt-subtitle color-white style-bordered\">Unforgettable moments at Floor No. 2 <\/span><\/div>        <\/div>\t\t\t\t<\/div>\n\t\t\t\t<\/div>\n\t\t\t\t\t<\/div>\n\t\t<\/div>\n\t\t\t\t\t<\/div>\n\t\t<\/section>\n\t\t<div class=\"elementor-element elementor-element-ffffdfe e-flex e-con-boxed e-con e-parent\" data-id=\"ffffdfe\" data-element_type=\"container\" data-e-type=\"container\">\n\t\t\t\t\t<div class=\"e-con-inner\">\n\t\t\t\t<div class=\"elementor-element elementor-element-c83a81c elementor-widget elementor-widget-heading\" data-id=\"c83a81c\" data-element_type=\"widget\" data-e-type=\"widget\" data-widget_type=\"heading.default\">\n\t\t\t\t<div class=\"elementor-widget-container\">\n\t\t\t\t\t<h2 class=\"elementor-heading-title elementor-size-default\">Upcoming Events<\/h2>\t\t\t\t<\/div>\n\t\t\t\t<\/div>\n\t\t\t\t\t<\/div>\n\t\t\t\t<\/div>\n\t\t<div class=\"elementor-element elementor-element-7fce48e e-flex e-con-boxed e-con e-parent\" data-id=\"7fce48e\" data-element_type=\"container\" data-e-type=\"container\">\n\t\t\t\t\t<div class=\"e-con-inner\">\n\t\t<div class=\"elementor-element elementor-element-741ce3c e-con-full e-flex e-con e-child\" data-id=\"741ce3c\" data-element_type=\"container\" data-e-type=\"container\" data-settings=\"{&quot;background_background&quot;:&quot;classic&quot;}\">\n\t\t\t\t<div class=\"elementor-element elementor-element-22f521b elementor-widget elementor-widget-pt_title\" data-id=\"22f521b\" data-element_type=\"widget\" data-e-type=\"widget\" data-widget_type=\"pt_title.default\">\n\t\t\t\t<div class=\"elementor-widget-container\">\n\t\t\t\t\t\n        <div class=\"pt-title-wrap text-center\">\t            <div class=\"pt-subtitle-wrap\"><span class=\"pt-subtitle color-white style-bordered\">October 31, 2025<br>\n20:00 - 01:00<\/span><\/div>\t            <h4 class=\"pt-title color-white\">\n\t                HALLOWEEN <br>PARTY\t            <\/h4>\t            <div class=\"pt-title-text color-white\">\n\t                <p>Experience the spookiest night of the year with friends in a truly unique atmosphere. Enjoy music, haunting decorations, and a menu full of surprises.<\/p>\t            <\/div>                <div class=\"pt-title-btn\">\n                    <a class=\"button\" role=\"button\">\n                        <span class=\"pt-btn-text\">WYDARZENIE ZAKO\u0143CZONE<\/span>\n                    <\/a>\n                <\/div>\n                    <\/div>\t\t\t\t<\/div>\n\t\t\t\t<\/div>\n\t\t\t\t<\/div>\n\t\t<div class=\"elementor-element elementor-element-c4e5a59 e-con-full e-flex e-con e-child\" data-id=\"c4e5a59\" data-element_type=\"container\" data-e-type=\"container\" data-settings=\"{&quot;background_background&quot;:&quot;classic&quot;}\">\n\t\t\t\t<div class=\"elementor-element elementor-element-492890f elementor-widget elementor-widget-pt_title\" data-id=\"492890f\" data-element_type=\"widget\" data-e-type=\"widget\" data-widget_type=\"pt_title.default\">\n\t\t\t\t<div class=\"elementor-widget-container\">\n\t\t\t\t\t\n        <div class=\"pt-title-wrap text-center\">\t            <div class=\"pt-subtitle-wrap\"><span class=\"pt-subtitle color-white style-bordered\">November 30, 2025<br> 20:00 - 01:00<\/span><\/div>\t            <h4 class=\"pt-title color-white\">\n\t                St. Andrew\u2019s Eve\t            <\/h4>\t            <div class=\"pt-title-text color-white\">\n\t                <p>A night full of magic, music, and sensual emotions. In the atmospheric interiors of our hotel, we will take you into the world of burlesque \u2013 enchanting for years with elegance, humor, and refined sensuality.<\/p>\t            <\/div>                <div class=\"pt-title-btn\">\n                    <a class=\"button\" role=\"button\">\n                        <span class=\"pt-btn-text\">WYDARZENIE ZAKO\u0143CZONE<\/span>\n                    <\/a>\n                <\/div>\n                    <\/div>\t\t\t\t<\/div>\n\t\t\t\t<\/div>\n\t\t\t\t<\/div>\n\t\t\t\t\t<\/div>\n\t\t\t\t<\/div>\n\t\t<div class=\"elementor-element elementor-element-05181a8 e-flex e-con-boxed e-con e-parent\" data-id=\"05181a8\" data-element_type=\"container\" data-e-type=\"container\">\n\t\t\t\t\t<div class=\"e-con-inner\">\n\t\t<div class=\"elementor-element elementor-element-55a66f7 e-con-full e-flex e-con e-child\" data-id=\"55a66f7\" data-element_type=\"container\" data-e-type=\"container\" data-settings=\"{&quot;background_background&quot;:&quot;classic&quot;}\">\n\t\t\t\t<div class=\"elementor-element elementor-element-c109272 elementor-widget elementor-widget-pt_title\" data-id=\"c109272\" data-element_type=\"widget\" data-e-type=\"widget\" data-widget_type=\"pt_title.default\">\n\t\t\t\t<div class=\"elementor-widget-container\">\n\t\t\t\t\t\n        <div class=\"pt-title-wrap text-center\">\t            <div class=\"pt-subtitle-wrap\"><span class=\"pt-subtitle color-white style-bordered\">21 March 2025<br>7:00 PM<\/span><\/div>\t            <h4 class=\"pt-title color-white\">\n\t                THE <br>MACALLAN\t            <\/h4>\t            <div class=\"pt-title-text color-white\">\n\t                <p style=\"text-align: center;\">A tasting dinner where you'll discover the perfect pairing of refined dishes and exclusive The Macallan whisky \u2013 including the limited-edition The Macallan Harmony Collection: Vibrant Oak.<\/p>\t            <\/div>                <div class=\"pt-title-btn\">\n                    <a class=\"button\" role=\"button\">\n                        <span class=\"pt-btn-text\">EVENT ENDED<\/span>\n                    <\/a>\n                <\/div>\n                    <\/div>\t\t\t\t<\/div>\n\t\t\t\t<\/div>\n\t\t\t\t<\/div>\n\t\t<div class=\"elementor-element elementor-element-157bdb0 e-con-full e-flex e-con e-child\" data-id=\"157bdb0\" data-element_type=\"container\" data-e-type=\"container\" data-settings=\"{&quot;background_background&quot;:&quot;classic&quot;}\">\n\t\t\t\t<div class=\"elementor-element elementor-element-20e0c9e elementor-widget elementor-widget-pt_title\" data-id=\"20e0c9e\" data-element_type=\"widget\" data-e-type=\"widget\" data-widget_type=\"pt_title.default\">\n\t\t\t\t<div class=\"elementor-widget-container\">\n\t\t\t\t\t\n        <div class=\"pt-title-wrap text-center\">\t            <div class=\"pt-subtitle-wrap\"><span class=\"pt-subtitle color-white style-bordered\">20 April 2025<br> 13:00-17:00<\/span><\/div>\t            <h4 class=\"pt-title color-white\">\n\t                EASTER BRUNCH\t            <\/h4>\t            <div class=\"pt-title-text color-white\">\n\t                <p style=\"text-align: center;\">Easter brunch featuring a refined buffet, live cooking &amp; themed stations \u2013 including seafood, antipasti, and desserts.<\/p>\t            <\/div>                <div class=\"pt-title-btn\">\n                    <a class=\"button\" role=\"button\">\n                        <span class=\"pt-btn-text\">EVENT ENDED<\/span>\n                    <\/a>\n                <\/div>\n                    <\/div>\t\t\t\t<\/div>\n\t\t\t\t<\/div>\n\t\t\t\t<\/div>\n\t\t\t\t\t<\/div>\n\t\t\t\t<\/div>\n\t\t\t\t<section class=\"elementor-section elementor-top-section elementor-element elementor-element-b6fbea9 elementor-section-boxed elementor-section-height-default elementor-section-height-default\" data-id=\"b6fbea9\" data-element_type=\"section\" data-e-type=\"section\">\n\t\t\t\t\t\t<div class=\"elementor-container elementor-column-gap-no\">\n\t\t\t\t\t<div class=\"elementor-column elementor-col-100 elementor-top-column elementor-element elementor-element-f495ad4\" data-id=\"f495ad4\" data-element_type=\"column\" data-e-type=\"column\">\n\t\t\t<div class=\"elementor-widget-wrap elementor-element-populated\">\n\t\t\t\t\t\t<div class=\"elementor-element elementor-element-6934759 elementor-widget elementor-widget-pt_title\" data-id=\"6934759\" data-element_type=\"widget\" data-e-type=\"widget\" data-widget_type=\"pt_title.default\">\n\t\t\t\t<div class=\"elementor-widget-container\">\n\t\t\t\t\t\n        <div class=\"pt-title-wrap text-center\">\t            <h3 class=\"pt-title\">\n\t                Don\u2019t miss our upcoming events\t            <\/h3>\t            <div class=\"pt-title-text\">\n\t                <p>Floor No. 2 is not only about exquisite cuisine \u2013 it\u2019s also a place for exceptional events. Discover our seasonal offers, celebratory dinners, and themed evenings that blend flavour and atmosphere into unforgettable experiences.<\/p><p>Follow our updates to stay informed about new experiences.<\/p>\t            <\/div>        <\/div>\t\t\t\t<\/div>\n\t\t\t\t<\/div>\n\t\t\t\t<div class=\"elementor-element elementor-element-e0c4c21 elementor-widget__width-auto elementor-align-center elementor-widget elementor-widget-pt_button\" data-id=\"e0c4c21\" data-element_type=\"widget\" data-e-type=\"widget\" data-widget_type=\"pt_button.default\">\n\t\t\t\t<div class=\"elementor-widget-container\">\n\t\t\t\t\t        <a href=\"mailto:floorno2@presidential.pl\" target=\"_blank\" class=\"elementor-button-link button pt-btn-outline\" role=\"button\">\n            <span class=\"pt-btn-text\">Contact Us<\/span>\n        <\/a>\t\t\t\t<\/div>\n\t\t\t\t<\/div>\n\t\t\t\t\t<\/div>\n\t\t<\/div>\n\t\t\t\t\t<\/div>\n\t\t<\/section>\n\t\t<div class=\"elementor-element elementor-element-101c775 e-flex e-con-boxed e-con e-parent\" data-id=\"101c775\" data-element_type=\"container\" data-e-type=\"container\">\n\t\t\t\t\t<div class=\"e-con-inner\">\n\t\t\t\t<div class=\"elementor-element elementor-element-4e9a075 elementor-widget elementor-widget-html\" data-id=\"4e9a075\" data-element_type=\"widget\" data-e-type=\"widget\" data-widget_type=\"html.default\">\n\t\t\t\t<div class=\"elementor-widget-container\">\n\t\t\t\t\t<script>\n    var first = true;\n    document.body.addEventListener(\"scroll\", () => {\n        if(document.body.scrollTop < 300 && first) {\n            document.body.scrollTo({\n                top: window.innerHeight,\n                behavior: 'smooth',\n            });\n        first = false;\n        }\n        \n    })\n<\/script>\t\t\t\t<\/div>\n\t\t\t\t<\/div>\n\t\t\t\t\t<\/div>\n\t\t\t\t<\/div>\n\t\t\t\t<\/div>","protected":false},"excerpt":{"rendered":"<p>Oferty specjalne niezapomniane chwile we Floor no. 2 Najbli\u017csze wydarzenia 31 pa\u017adziernika 2025 20:00 &#8211; 01:00 HALLOWEEN PARTY Prze\u017cyj najbardziej upiorn\u0105 noc w roku w gronie przyjaci\u00f3\u0142, w wyj\u0105tkowej atmosferze. Czeka na Ciebie muzyka, klimatyczne dekoracje i menu pe\u0142ne niespodzianek. WYDARZENIE ZAKO\u0143CZONE 29 listopada 2025 20:00 &#8211; 01:00 WIECZ\u00d3R ANDRZEJKOWY to noc pe\u0142na magii, muzyki &#8230;<\/p>","protected":false},"author":1,"featured_media":0,"parent":0,"menu_order":0,"comment_status":"closed","ping_status":"closed","template":"template-wide-content.php","meta":{"patiotime_single_page_hide_site_header":"","patiotime_single_page_site_header_source":"","patiotime_single_page_custom_site_header":"0","patiotime_single_page_custom_sticky_site_header":"0","patiotime_single_page_custom_page_title_margin_top_source":"","patiotime_single_page_custom_page_title_desktop_margin_top":"","patiotime_single_page_custom_page_title_tablet_margin_top":"","patiotime_single_page_custom_page_title_mobile_margin_top":"","patiotime_single_page_hide_page_title":"on","patiotime_single_page_header_section_size":"","patiotime_single_page_header_background_color":"","patiotime_single_page_header_background_position_x":"center","patiotime_single_page_header_background_position_y":"center","patiotime_single_page_header_background_size":"cover","patiotime_single_page_header_background_repeat":"off","patiotime_single_page_header_background_scroll":"on","patiotime_single_page_header_text_color":"","patiotime_single_page_header_show_breadcrumb":"","patiotime_single_page_site_footer_hide_main":"","patiotime_single_custom_site_footer_main_source":"","patiotime_single_custom_site_footer_main":"0","patiotime_single_page_site_footer_hide_above":"","patiotime_single_custom_site_footer_above_source":"","patiotime_single_custom_site_footer_above":"0","patiotime_single_page_site_footer_hide_instagram":"","patiotime_single_page_site_footer_hide_bottom":"","patiotime_single_custom_mobile_menu_source":"","patiotime_single_custom_mobile_menu":"0","patiotime_single_custom_mobile_menu_animation":"","patiotime_single_custom_mobile_menu_width":"","patiotime_single_custom_mobile_menu_custom_width":375,"footnotes":""},"class_list":["post-409","page","type-page","status-publish","hentry"],"yoast_head":"<!-- This site is optimized with the Yoast SEO plugin v27.4 - https:\/\/yoast.com\/product\/yoast-seo-wordpress\/ -->\n<title>Oferty specjalne - Floor No.2 Restaurant<\/title>\n<meta name=\"robots\" content=\"index, follow, max-snippet:-1, max-image-preview:large, max-video-preview:-1\" \/>\n<link rel=\"canonical\" href=\"https:\/\/floorno2.pl\/en\/oferty-specjalne\/\" \/>\n<meta property=\"og:locale\" content=\"en_GB\" \/>\n<meta property=\"og:type\" content=\"article\" \/>\n<meta property=\"og:title\" content=\"Oferty specjalne - Floor No.2 Restaurant\" \/>\n<meta property=\"og:description\" content=\"Oferty specjalne niezapomniane chwile we Floor no. 2 Najbli\u017csze wydarzenia 31 pa\u017adziernika 2025 20:00 &#8211; 01:00 HALLOWEEN PARTY Prze\u017cyj najbardziej upiorn\u0105 noc w roku w gronie przyjaci\u00f3\u0142, w wyj\u0105tkowej atmosferze. Czeka na Ciebie muzyka, klimatyczne dekoracje i menu pe\u0142ne niespodzianek. WYDARZENIE ZAKO\u0143CZONE 29 listopada 2025 20:00 &#8211; 01:00 WIECZ\u00d3R ANDRZEJKOWY to noc pe\u0142na magii, muzyki ...\" \/>\n<meta property=\"og:url\" content=\"https:\/\/floorno2.pl\/en\/oferty-specjalne\/\" \/>\n<meta property=\"og:site_name\" content=\"Floor No.2 Restaurant\" \/>\n<meta property=\"article:modified_time\" content=\"2026-03-11T15:48:11+00:00\" \/>\n<meta property=\"og:image\" content=\"http:\/\/floorno2.pl\/wp-content\/uploads\/2024\/03\/icon-dining-white.png\" \/>\n<meta name=\"twitter:card\" content=\"summary_large_image\" \/>\n<meta name=\"twitter:label1\" content=\"Estimated reading time\" \/>\n\t<meta name=\"twitter:data1\" content=\"2 minutes\" \/>\n<script type=\"application\/ld+json\" class=\"yoast-schema-graph\">{\"@context\":\"https:\\\/\\\/schema.org\",\"@graph\":[{\"@type\":\"WebPage\",\"@id\":\"https:\\\/\\\/floorno2.pl\\\/oferty-specjalne\\\/\",\"url\":\"https:\\\/\\\/floorno2.pl\\\/oferty-specjalne\\\/\",\"name\":\"Oferty specjalne - Floor No.2 Restaurant\",\"isPartOf\":{\"@id\":\"https:\\\/\\\/floorno2.pl\\\/#website\"},\"primaryImageOfPage\":{\"@id\":\"https:\\\/\\\/floorno2.pl\\\/oferty-specjalne\\\/#primaryimage\"},\"image\":{\"@id\":\"https:\\\/\\\/floorno2.pl\\\/oferty-specjalne\\\/#primaryimage\"},\"thumbnailUrl\":\"http:\\\/\\\/floorno2.pl\\\/wp-content\\\/uploads\\\/2024\\\/03\\\/icon-dining-white.png\",\"datePublished\":\"2023-12-10T09:46:32+00:00\",\"dateModified\":\"2026-03-11T15:48:11+00:00\",\"breadcrumb\":{\"@id\":\"https:\\\/\\\/floorno2.pl\\\/oferty-specjalne\\\/#breadcrumb\"},\"inLanguage\":\"en-GB\",\"potentialAction\":[{\"@type\":\"ReadAction\",\"target\":[\"https:\\\/\\\/floorno2.pl\\\/oferty-specjalne\\\/\"]}]},{\"@type\":\"ImageObject\",\"inLanguage\":\"en-GB\",\"@id\":\"https:\\\/\\\/floorno2.pl\\\/oferty-specjalne\\\/#primaryimage\",\"url\":\"http:\\\/\\\/floorno2.pl\\\/wp-content\\\/uploads\\\/2024\\\/03\\\/icon-dining-white.png\",\"contentUrl\":\"http:\\\/\\\/floorno2.pl\\\/wp-content\\\/uploads\\\/2024\\\/03\\\/icon-dining-white.png\"},{\"@type\":\"BreadcrumbList\",\"@id\":\"https:\\\/\\\/floorno2.pl\\\/oferty-specjalne\\\/#breadcrumb\",\"itemListElement\":[{\"@type\":\"ListItem\",\"position\":1,\"name\":\"Strona g\u0142\u00f3wna\",\"item\":\"https:\\\/\\\/floorno2.pl\\\/\"},{\"@type\":\"ListItem\",\"position\":2,\"name\":\"Oferty specjalne\"}]},{\"@type\":\"WebSite\",\"@id\":\"https:\\\/\\\/floorno2.pl\\\/#website\",\"url\":\"https:\\\/\\\/floorno2.pl\\\/\",\"name\":\"Floor No.2 Restaurant\",\"description\":\"\",\"publisher\":{\"@id\":\"https:\\\/\\\/floorno2.pl\\\/#organization\"},\"potentialAction\":[{\"@type\":\"SearchAction\",\"target\":{\"@type\":\"EntryPoint\",\"urlTemplate\":\"https:\\\/\\\/floorno2.pl\\\/?s={search_term_string}\"},\"query-input\":{\"@type\":\"PropertyValueSpecification\",\"valueRequired\":true,\"valueName\":\"search_term_string\"}}],\"inLanguage\":\"en-GB\"},{\"@type\":\"Organization\",\"@id\":\"https:\\\/\\\/floorno2.pl\\\/#organization\",\"name\":\"Floor No.2 Restaurant\",\"url\":\"https:\\\/\\\/floorno2.pl\\\/\",\"logo\":{\"@type\":\"ImageObject\",\"inLanguage\":\"en-GB\",\"@id\":\"https:\\\/\\\/floorno2.pl\\\/#\\\/schema\\\/logo\\\/image\\\/\",\"url\":\"https:\\\/\\\/floorno2.pl\\\/wp-content\\\/uploads\\\/2023\\\/11\\\/cropped-Floor-No-2-logo-transparentne-1.png\",\"contentUrl\":\"https:\\\/\\\/floorno2.pl\\\/wp-content\\\/uploads\\\/2023\\\/11\\\/cropped-Floor-No-2-logo-transparentne-1.png\",\"width\":1080,\"height\":1080,\"caption\":\"Floor No.2 Restaurant\"},\"image\":{\"@id\":\"https:\\\/\\\/floorno2.pl\\\/#\\\/schema\\\/logo\\\/image\\\/\"}}]}<\/script>\n<!-- \/ Yoast SEO plugin. -->","yoast_head_json":{"title":"Oferty specjalne - Floor No.2 Restaurant","robots":{"index":"index","follow":"follow","max-snippet":"max-snippet:-1","max-image-preview":"max-image-preview:large","max-video-preview":"max-video-preview:-1"},"canonical":"https:\/\/floorno2.pl\/en\/oferty-specjalne\/","og_locale":"en_GB","og_type":"article","og_title":"Oferty specjalne - Floor No.2 Restaurant","og_description":"Oferty specjalne niezapomniane chwile we Floor no. 2 Najbli\u017csze wydarzenia 31 pa\u017adziernika 2025 20:00 &#8211; 01:00 HALLOWEEN PARTY Prze\u017cyj najbardziej upiorn\u0105 noc w roku w gronie przyjaci\u00f3\u0142, w wyj\u0105tkowej atmosferze. Czeka na Ciebie muzyka, klimatyczne dekoracje i menu pe\u0142ne niespodzianek. WYDARZENIE ZAKO\u0143CZONE 29 listopada 2025 20:00 &#8211; 01:00 WIECZ\u00d3R ANDRZEJKOWY to noc pe\u0142na magii, muzyki ...","og_url":"https:\/\/floorno2.pl\/en\/oferty-specjalne\/","og_site_name":"Floor No.2 Restaurant","article_modified_time":"2026-03-11T15:48:11+00:00","og_image":[{"url":"http:\/\/floorno2.pl\/wp-content\/uploads\/2024\/03\/icon-dining-white.png","type":"","width":"","height":""}],"twitter_card":"summary_large_image","twitter_misc":{"Estimated reading time":"2 minutes"},"schema":{"@context":"https:\/\/schema.org","@graph":[{"@type":"WebPage","@id":"https:\/\/floorno2.pl\/oferty-specjalne\/","url":"https:\/\/floorno2.pl\/oferty-specjalne\/","name":"Oferty specjalne - Floor No.2 Restaurant","isPartOf":{"@id":"https:\/\/floorno2.pl\/#website"},"primaryImageOfPage":{"@id":"https:\/\/floorno2.pl\/oferty-specjalne\/#primaryimage"},"image":{"@id":"https:\/\/floorno2.pl\/oferty-specjalne\/#primaryimage"},"thumbnailUrl":"http:\/\/floorno2.pl\/wp-content\/uploads\/2024\/03\/icon-dining-white.png","datePublished":"2023-12-10T09:46:32+00:00","dateModified":"2026-03-11T15:48:11+00:00","breadcrumb":{"@id":"https:\/\/floorno2.pl\/oferty-specjalne\/#breadcrumb"},"inLanguage":"en-GB","potentialAction":[{"@type":"ReadAction","target":["https:\/\/floorno2.pl\/oferty-specjalne\/"]}]},{"@type":"ImageObject","inLanguage":"en-GB","@id":"https:\/\/floorno2.pl\/oferty-specjalne\/#primaryimage","url":"http:\/\/floorno2.pl\/wp-content\/uploads\/2024\/03\/icon-dining-white.png","contentUrl":"http:\/\/floorno2.pl\/wp-content\/uploads\/2024\/03\/icon-dining-white.png"},{"@type":"BreadcrumbList","@id":"https:\/\/floorno2.pl\/oferty-specjalne\/#breadcrumb","itemListElement":[{"@type":"ListItem","position":1,"name":"Strona g\u0142\u00f3wna","item":"https:\/\/floorno2.pl\/"},{"@type":"ListItem","position":2,"name":"Oferty specjalne"}]},{"@type":"WebSite","@id":"https:\/\/floorno2.pl\/#website","url":"https:\/\/floorno2.pl\/","name":"Floor No.2 Restaurant","description":"","publisher":{"@id":"https:\/\/floorno2.pl\/#organization"},"potentialAction":[{"@type":"SearchAction","target":{"@type":"EntryPoint","urlTemplate":"https:\/\/floorno2.pl\/?s={search_term_string}"},"query-input":{"@type":"PropertyValueSpecification","valueRequired":true,"valueName":"search_term_string"}}],"inLanguage":"en-GB"},{"@type":"Organization","@id":"https:\/\/floorno2.pl\/#organization","name":"Floor No.2 Restaurant","url":"https:\/\/floorno2.pl\/","logo":{"@type":"ImageObject","inLanguage":"en-GB","@id":"https:\/\/floorno2.pl\/#\/schema\/logo\/image\/","url":"https:\/\/floorno2.pl\/wp-content\/uploads\/2023\/11\/cropped-Floor-No-2-logo-transparentne-1.png","contentUrl":"https:\/\/floorno2.pl\/wp-content\/uploads\/2023\/11\/cropped-Floor-No-2-logo-transparentne-1.png","width":1080,"height":1080,"caption":"Floor No.2 Restaurant"},"image":{"@id":"https:\/\/floorno2.pl\/#\/schema\/logo\/image\/"}}]}},"_links":{"self":[{"href":"https:\/\/floorno2.pl\/en\/wp-json\/wp\/v2\/pages\/409","targetHints":{"allow":["GET"]}}],"collection":[{"href":"https:\/\/floorno2.pl\/en\/wp-json\/wp\/v2\/pages"}],"about":[{"href":"https:\/\/floorno2.pl\/en\/wp-json\/wp\/v2\/types\/page"}],"author":[{"embeddable":true,"href":"https:\/\/floorno2.pl\/en\/wp-json\/wp\/v2\/users\/1"}],"replies":[{"embeddable":true,"href":"https:\/\/floorno2.pl\/en\/wp-json\/wp\/v2\/comments?post=409"}],"version-history":[{"count":220,"href":"https:\/\/floorno2.pl\/en\/wp-json\/wp\/v2\/pages\/409\/revisions"}],"predecessor-version":[{"id":5623,"href":"https:\/\/floorno2.pl\/en\/wp-json\/wp\/v2\/pages\/409\/revisions\/5623"}],"wp:attachment":[{"href":"https:\/\/floorno2.pl\/en\/wp-json\/wp\/v2\/media?parent=409"}],"curies":[{"name":"wp","href":"https:\/\/api.w.org\/{rel}","templated":true}]}}